{"id":705,"date":"2019-04-03T15:39:20","date_gmt":"2019-04-03T13:39:20","guid":{"rendered":"https:\/\/architecte-rc.com\/?page_id=705"},"modified":"2019-06-12T15:16:17","modified_gmt":"2019-06-12T13:16:17","slug":"informations-tarifs","status":"publish","type":"page","link":"https:\/\/architecte-rc.com\/index.php\/informations-tarifs\/","title":{"rendered":"Informations &#038; Tarifs"},"content":{"rendered":"<p>[et_pb_section fb_built=\u00a0\u00bb1&Prime; inner_shadow=\u00a0\u00bbon\u00a0\u00bb next_background_color=\u00a0\u00bb#ffffff\u00a0\u00bb admin_label=\u00a0\u00bbWelcome &#038; About Us\u00a0\u00bb _builder_version=\u00a0\u00bb3.22.4&Prime; background_color=\u00a0\u00bb#121212&Prime; use_background_color_gradient=\u00a0\u00bbon\u00a0\u00bb background_color_gradient_start=\u00a0\u00bb#121212&Prime; background_color_gradient_end=\u00a0\u00bbrgba(18,18,18,0.6)\u00a0\u00bb background_color_gradient_start_position=\u00a0\u00bb20%\u00a0\u00bb background_color_gradient_overlays_image=\u00a0\u00bbon\u00a0\u00bb background_image=\u00a0\u00bbhttps:\/\/architecte-rc.com\/wp-content\/uploads\/2019\/04\/RC-pradignac-1.jpg\u00a0\u00bb parallax=\u00a0\u00bbon\u00a0\u00bb custom_padding=\u00a0\u00bb8%|0px|0%|0px||\u00a0\u00bb bottom_divider_style=\u00a0\u00bbslant2&Prime; bottom_divider_flip=\u00a0\u00bbhorizontal\u00a0\u00bb][et_pb_row use_custom_gutter=\u00a0\u00bbon\u00a0\u00bb gutter_width=\u00a0\u00bb1&Prime; custom_padding=\u00a0\u00bb0px|0px|0px|0px||\u00a0\u00bb custom_margin=\u00a0\u00bb|||\u00a0\u00bb _builder_version=\u00a0\u00bb3.22.3&Prime; background_size=\u00a0\u00bbinitial\u00a0\u00bb background_position=\u00a0\u00bbtop_left\u00a0\u00bb background_repeat=\u00a0\u00bbrepeat\u00a0\u00bb min_height=\u00a0\u00bb52px\u00a0\u00bb custom_width_px=\u00a0\u00bb992px\u00a0\u00bb][et_pb_column type=\u00a0\u00bb4_4&Prime; _builder_version=\u00a0\u00bb3.0.47&Prime;][et_pb_text _builder_version=\u00a0\u00bb3.22.7&Prime; text_font=\u00a0\u00bb||||||||\u00a0\u00bb header_font=\u00a0\u00bbRoboto|100||on|||||\u00a0\u00bb header_text_align=\u00a0\u00bbcenter\u00a0\u00bb header_font_size=\u00a0\u00bb50px\u00a0\u00bb header_3_font=\u00a0\u00bbKarla|700||on|||||\u00a0\u00bb header_3_text_color=\u00a0\u00bbrgba(255,255,255,0.6)\u00a0\u00bb header_3_font_size=\u00a0\u00bb16px\u00a0\u00bb header_3_letter_spacing=\u00a0\u00bb1px\u00a0\u00bb background_layout=\u00a0\u00bbdark\u00a0\u00bb module_alignment=\u00a0\u00bbleft\u00a0\u00bb custom_margin=\u00a0\u00bb|||\u00a0\u00bb header_font_size_phone=\u00a0\u00bb30px\u00a0\u00bb header_font_size_last_edited=\u00a0\u00bbon|phone\u00a0\u00bb locked=\u00a0\u00bboff\u00a0\u00bb]<\/p>\n<h1 style=\"text-align: center;\"><span style=\"color: #c2ab92;\">INFORMATIONS \/ TARIFS<br \/> <\/span><\/h1>\n<p>[\/et_pb_text][\/et_pb_column][\/et_pb_row][et_pb_row use_custom_gutter=\u00a0\u00bbon\u00a0\u00bb gutter_width=\u00a0\u00bb1&Prime; custom_padding=\u00a0\u00bb27px|0px|100px|0px\u00a0\u00bb custom_margin=\u00a0\u00bb|||\u00a0\u00bb _builder_version=\u00a0\u00bb3.22.3&Prime; background_size=\u00a0\u00bbinitial\u00a0\u00bb background_position=\u00a0\u00bbtop_left\u00a0\u00bb background_repeat=\u00a0\u00bbrepeat\u00a0\u00bb min_height=\u00a0\u00bb119px\u00a0\u00bb custom_width_px=\u00a0\u00bb992px\u00a0\u00bb][et_pb_column type=\u00a0\u00bb4_4&Prime; _builder_version=\u00a0\u00bb3.0.47&Prime;][et_pb_text admin_label=\u00a0\u00bbTeam Section Subtitle\u00a0\u00bb _builder_version=\u00a0\u00bb3.22.7&Prime; text_font=\u00a0\u00bb|300|||||||\u00a0\u00bb text_line_height=\u00a0\u00bb1.1em\u00a0\u00bb header_font=\u00a0\u00bb||||||||\u00a0\u00bb background_size=\u00a0\u00bbinitial\u00a0\u00bb background_position=\u00a0\u00bbtop_left\u00a0\u00bb background_repeat=\u00a0\u00bbrepeat\u00a0\u00bb text_orientation=\u00a0\u00bbcenter\u00a0\u00bb background_layout=\u00a0\u00bbdark\u00a0\u00bb module_alignment=\u00a0\u00bbcenter\u00a0\u00bb animation_style=\u00a0\u00bbfold\u00a0\u00bb animation_direction=\u00a0\u00bbbottom\u00a0\u00bb animation_intensity_fold=\u00a0\u00bb20%\u00a0\u00bb]<\/p>\n<p style=\"text-align: justify;\">Vous avez un projet et vous voulez un accompagnement pour \u00eatre assur\u00e9 de la bonne coh\u00e9rence de l&rsquo;ensemble de celui-ci. C&rsquo;est ce r\u00f4le central que seul l&rsquo;Architecte peut vous fournir. Notre \u00e9quipe vous suit tout au long des travaux de l&rsquo;id\u00e9e \u00e0 la r\u00e9alisation, en passant par la d\u00e9coration, jusqu&rsquo;\u00e0 la livraison.<\/p>\n<p>[\/et_pb_text][\/et_pb_column][\/et_pb_row][\/et_pb_section][et_pb_section fb_built=\u00a0\u00bb1&Prime; admin_label=\u00a0\u00bbServices\u00a0\u00bb _builder_version=\u00a0\u00bb3.22.3&Prime; custom_padding=\u00a0\u00bb90px|0px|90px|0px\u00a0\u00bb][et_pb_row custom_margin=\u00a0\u00bb||50px|\u00a0\u00bb _builder_version=\u00a0\u00bb3.23.3&Prime; max_width=\u00a0\u00bb1440px\u00a0\u00bb use_custom_width=\u00a0\u00bbon\u00a0\u00bb custom_width_px=\u00a0\u00bb1440px\u00a0\u00bb][et_pb_column type=\u00a0\u00bb1_2&Prime; _builder_version=\u00a0\u00bb3.0.47&Prime;][et_pb_button button_url=\u00a0\u00bbhttps:\/\/architecte-rc.com\/index.php\/maisons-habitations\/\u00a0\u00bb button_text=\u00a0\u00bbMAISONS \/ HABITATIONS\u00a0\u00bb button_alignment=\u00a0\u00bbcenter\u00a0\u00bb _builder_version=\u00a0\u00bb3.22.7&Prime;][\/et_pb_button][\/et_pb_column][et_pb_column type=\u00a0\u00bb1_2&Prime; _builder_version=\u00a0\u00bb3.0.47&Prime;][et_pb_button button_url=\u00a0\u00bbhttps:\/\/architecte-rc.com\/index.php\/architecture-interieure\/\u00a0\u00bb button_text=\u00a0\u00bbARCHITECTURE INTERIEURE\u00a0\u00bb button_alignment=\u00a0\u00bbcenter\u00a0\u00bb _builder_version=\u00a0\u00bb3.23.3&Prime; custom_button=\u00a0\u00bbon\u00a0\u00bb button_font=\u00a0\u00bb||||||||\u00a0\u00bb][\/et_pb_button][\/et_pb_column][\/et_pb_row][et_pb_row custom_padding=\u00a0\u00bb0px||0px|||\u00a0\u00bb custom_margin=\u00a0\u00bb|auto|29px|auto||\u00a0\u00bb _builder_version=\u00a0\u00bb3.22.3&Prime; max_width=\u00a0\u00bb1440px\u00a0\u00bb use_custom_width=\u00a0\u00bbon\u00a0\u00bb custom_width_px=\u00a0\u00bb1440px\u00a0\u00bb][et_pb_column type=\u00a0\u00bb4_4&Prime; _builder_version=\u00a0\u00bb3.0.47&Prime;][et_pb_text _builder_version=\u00a0\u00bb3.22.7&Prime; text_font=\u00a0\u00bb||||||||\u00a0\u00bb header_font=\u00a0\u00bbRoboto|100||on|||||\u00a0\u00bb header_3_font=\u00a0\u00bbKarla|700||on|||||\u00a0\u00bb header_3_text_color=\u00a0\u00bb#c2ab92&Prime; header_3_font_size=\u00a0\u00bb16px\u00a0\u00bb header_3_letter_spacing=\u00a0\u00bb1px\u00a0\u00bb border_radii=\u00a0\u00bbon|10px|10px|10px|10px\u00a0\u00bb box_shadow_style=\u00a0\u00bbpreset1&Prime; module_alignment=\u00a0\u00bbright\u00a0\u00bb min_height=\u00a0\u00bb67px\u00a0\u00bb custom_margin=\u00a0\u00bb0px||20px|||\u00a0\u00bb custom_padding=\u00a0\u00bb20px|20px|2px|20px||\u00a0\u00bb link_option_url=\u00a0\u00bbhttps:\/\/architecte-rc.com\/#contact\u00a0\u00bb header_font_size_phone=\u00a0\u00bb40px\u00a0\u00bb header_font_size_last_edited=\u00a0\u00bboff|desktop\u00a0\u00bb background__hover_enabled=\u00a0\u00bbon\u00a0\u00bb background_color__hover=\u00a0\u00bb#e09900&Prime;]<\/p>\n<h1 style=\"text-align: center;\">Pour toute autre demande veuillez nous consulter<\/h1>\n<p>[\/et_pb_text][\/et_pb_column][\/et_pb_row][\/et_pb_section][et_pb_section fb_built=\u00a0\u00bb1&Prime; fullwidth=\u00a0\u00bbon\u00a0\u00bb _builder_version=\u00a0\u00bb3.22.3&Prime;][et_pb_fullwidth_image src=\u00a0\u00bbhttps:\/\/architecte-rc.com\/wp-content\/uploads\/2019\/05\/biopole-amphi3.png\u00a0\u00bb _builder_version=\u00a0\u00bb3.22.7&Prime; animation_style=\u00a0\u00bbslide\u00a0\u00bb animation_direction=\u00a0\u00bbbottom\u00a0\u00bb animation_intensity_slide=\u00a0\u00bb4%\u00a0\u00bb][\/et_pb_fullwidth_image][\/et_pb_section]<\/p>\n","protected":false},"excerpt":{"rendered":"<p>INFORMATIONS \/ TARIFS Vous avez un projet et vous voulez un accompagnement pour \u00eatre assur\u00e9 de la bonne coh\u00e9rence de l&rsquo;ensemble de celui-ci. C&rsquo;est ce r\u00f4le central que seul l&rsquo;Architecte peut vous fournir. Notre \u00e9quipe vous suit tout au long des travaux de l&rsquo;id\u00e9e \u00e0 la r\u00e9alisation, en passant par la d\u00e9coration, jusqu&rsquo;\u00e0 la livraison.Pour [&hellip;]<\/p>\n","protected":false},"author":1,"featured_media":0,"parent":0,"menu_order":10,"comment_status":"closed","ping_status":"closed","template":"","meta":{"_et_pb_use_builder":"on","_et_pb_old_content":"","_et_gb_content_width":"","footnotes":""},"class_list":["post-705","page","type-page","status-publish","hentry"],"yoast_head":"<!-- This site is optimized with the Yoast SEO plugin v24.0 - https:\/\/yoast.com\/wordpress\/plugins\/seo\/ -->\n<title>Informations &amp; Tarifs - R&amp;C<\/title>\n<meta name=\"description\" content=\"Vous avez un projet et vous voulez un accompagnement pour \u00eatre assur\u00e9 de la bonne coh\u00e9rence de l&#039;ensemble celui-ci. C&#039;est ce r\u00f4le central que seul l&#039;Architecte peut vous fournir. Notre \u00e9quipe vous suit tout au long des travaux de l&#039;id\u00e9e \u00e0 la r\u00e9alisation, en passant par la d\u00e9coration, jusqu&#039;\u00e0 la livraison.\" \/>\n<meta name=\"robots\" content=\"index, follow, max-snippet:-1, max-image-preview:large, max-video-preview:-1\" \/>\n<link rel=\"canonical\" href=\"https:\/\/architecte-rc.com\/index.php\/informations-tarifs\/\" \/>\n<meta property=\"og:locale\" content=\"fr_FR\" \/>\n<meta property=\"og:type\" content=\"article\" \/>\n<meta property=\"og:title\" content=\"Informations &amp; Tarifs - R&amp;C\" \/>\n<meta property=\"og:description\" content=\"Vous avez un projet et vous voulez un accompagnement pour \u00eatre assur\u00e9 de la bonne coh\u00e9rence de l&#039;ensemble celui-ci. C&#039;est ce r\u00f4le central que seul l&#039;Architecte peut vous fournir. Notre \u00e9quipe vous suit tout au long des travaux de l&#039;id\u00e9e \u00e0 la r\u00e9alisation, en passant par la d\u00e9coration, jusqu&#039;\u00e0 la livraison.\" \/>\n<meta property=\"og:url\" content=\"https:\/\/architecte-rc.com\/index.php\/informations-tarifs\/\" \/>\n<meta property=\"og:site_name\" content=\"R&amp;C\" \/>\n<meta property=\"article:publisher\" content=\"https:\/\/www.facebook.com\/retcarchitectes\/\" \/>\n<meta property=\"article:modified_time\" content=\"2019-06-12T13:16:17+00:00\" \/>\n<meta name=\"twitter:card\" content=\"summary_large_image\" \/>\n<meta name=\"twitter:label1\" content=\"Dur\u00e9e de lecture estim\u00e9e\" \/>\n\t<meta name=\"twitter:data1\" content=\"3 minutes\" \/>\n<script type=\"application\/ld+json\" class=\"yoast-schema-graph\">{\"@context\":\"https:\/\/schema.org\",\"@graph\":[{\"@type\":\"WebPage\",\"@id\":\"https:\/\/architecte-rc.com\/index.php\/informations-tarifs\/\",\"url\":\"https:\/\/architecte-rc.com\/index.php\/informations-tarifs\/\",\"name\":\"Informations & Tarifs - R&amp;C\",\"isPartOf\":{\"@id\":\"https:\/\/architecte-rc.com\/#website\"},\"datePublished\":\"2019-04-03T13:39:20+00:00\",\"dateModified\":\"2019-06-12T13:16:17+00:00\",\"description\":\"Vous avez un projet et vous voulez un accompagnement pour \u00eatre assur\u00e9 de la bonne coh\u00e9rence de l'ensemble celui-ci. C'est ce r\u00f4le central que seul l'Architecte peut vous fournir. Notre \u00e9quipe vous suit tout au long des travaux de l'id\u00e9e \u00e0 la r\u00e9alisation, en passant par la d\u00e9coration, jusqu'\u00e0 la livraison.\",\"breadcrumb\":{\"@id\":\"https:\/\/architecte-rc.com\/index.php\/informations-tarifs\/#breadcrumb\"},\"inLanguage\":\"fr-FR\",\"potentialAction\":[{\"@type\":\"ReadAction\",\"target\":[\"https:\/\/architecte-rc.com\/index.php\/informations-tarifs\/\"]}]},{\"@type\":\"BreadcrumbList\",\"@id\":\"https:\/\/architecte-rc.com\/index.php\/informations-tarifs\/#breadcrumb\",\"itemListElement\":[{\"@type\":\"ListItem\",\"position\":1,\"name\":\"Accueil\",\"item\":\"https:\/\/architecte-rc.com\/\"},{\"@type\":\"ListItem\",\"position\":2,\"name\":\"Informations &#038; Tarifs\"}]},{\"@type\":\"WebSite\",\"@id\":\"https:\/\/architecte-rc.com\/#website\",\"url\":\"https:\/\/architecte-rc.com\/\",\"name\":\"R&C Archtecture et Patrimoine\",\"description\":\"ARCHITECTURE &amp; PATRIMOINE\",\"publisher\":{\"@id\":\"https:\/\/architecte-rc.com\/#organization\"},\"potentialAction\":[{\"@type\":\"SearchAction\",\"target\":{\"@type\":\"EntryPoint\",\"urlTemplate\":\"https:\/\/architecte-rc.com\/?s={search_term_string}\"},\"query-input\":{\"@type\":\"PropertyValueSpecification\",\"valueRequired\":true,\"valueName\":\"search_term_string\"}}],\"inLanguage\":\"fr-FR\"},{\"@type\":\"Organization\",\"@id\":\"https:\/\/architecte-rc.com\/#organization\",\"name\":\"R&C Architecture et Patrimoine\",\"url\":\"https:\/\/architecte-rc.com\/\",\"logo\":{\"@type\":\"ImageObject\",\"inLanguage\":\"fr-FR\",\"@id\":\"https:\/\/architecte-rc.com\/#\/schema\/logo\/image\/\",\"url\":\"https:\/\/architecte-rc.com\/wp-content\/uploads\/2019\/03\/R-C-LOGO2.png\",\"contentUrl\":\"https:\/\/architecte-rc.com\/wp-content\/uploads\/2019\/03\/R-C-LOGO2.png\",\"width\":238,\"height\":108,\"caption\":\"R&C Architecture et Patrimoine\"},\"image\":{\"@id\":\"https:\/\/architecte-rc.com\/#\/schema\/logo\/image\/\"},\"sameAs\":[\"https:\/\/www.facebook.com\/retcarchitectes\/\"]}]}<\/script>\n<!-- \/ Yoast SEO plugin. -->","yoast_head_json":{"title":"Informations & Tarifs - R&amp;C","description":"Vous avez un projet et vous voulez un accompagnement pour \u00eatre assur\u00e9 de la bonne coh\u00e9rence de l'ensemble celui-ci. C'est ce r\u00f4le central que seul l'Architecte peut vous fournir. Notre \u00e9quipe vous suit tout au long des travaux de l'id\u00e9e \u00e0 la r\u00e9alisation, en passant par la d\u00e9coration, jusqu'\u00e0 la livraison.","robots":{"index":"index","follow":"follow","max-snippet":"max-snippet:-1","max-image-preview":"max-image-preview:large","max-video-preview":"max-video-preview:-1"},"canonical":"https:\/\/architecte-rc.com\/index.php\/informations-tarifs\/","og_locale":"fr_FR","og_type":"article","og_title":"Informations & Tarifs - R&amp;C","og_description":"Vous avez un projet et vous voulez un accompagnement pour \u00eatre assur\u00e9 de la bonne coh\u00e9rence de l'ensemble celui-ci. C'est ce r\u00f4le central que seul l'Architecte peut vous fournir. Notre \u00e9quipe vous suit tout au long des travaux de l'id\u00e9e \u00e0 la r\u00e9alisation, en passant par la d\u00e9coration, jusqu'\u00e0 la livraison.","og_url":"https:\/\/architecte-rc.com\/index.php\/informations-tarifs\/","og_site_name":"R&amp;C","article_publisher":"https:\/\/www.facebook.com\/retcarchitectes\/","article_modified_time":"2019-06-12T13:16:17+00:00","twitter_card":"summary_large_image","twitter_misc":{"Dur\u00e9e de lecture estim\u00e9e":"3 minutes"},"schema":{"@context":"https:\/\/schema.org","@graph":[{"@type":"WebPage","@id":"https:\/\/architecte-rc.com\/index.php\/informations-tarifs\/","url":"https:\/\/architecte-rc.com\/index.php\/informations-tarifs\/","name":"Informations & Tarifs - R&amp;C","isPartOf":{"@id":"https:\/\/architecte-rc.com\/#website"},"datePublished":"2019-04-03T13:39:20+00:00","dateModified":"2019-06-12T13:16:17+00:00","description":"Vous avez un projet et vous voulez un accompagnement pour \u00eatre assur\u00e9 de la bonne coh\u00e9rence de l'ensemble celui-ci. C'est ce r\u00f4le central que seul l'Architecte peut vous fournir. Notre \u00e9quipe vous suit tout au long des travaux de l'id\u00e9e \u00e0 la r\u00e9alisation, en passant par la d\u00e9coration, jusqu'\u00e0 la livraison.","breadcrumb":{"@id":"https:\/\/architecte-rc.com\/index.php\/informations-tarifs\/#breadcrumb"},"inLanguage":"fr-FR","potentialAction":[{"@type":"ReadAction","target":["https:\/\/architecte-rc.com\/index.php\/informations-tarifs\/"]}]},{"@type":"BreadcrumbList","@id":"https:\/\/architecte-rc.com\/index.php\/informations-tarifs\/#breadcrumb","itemListElement":[{"@type":"ListItem","position":1,"name":"Accueil","item":"https:\/\/architecte-rc.com\/"},{"@type":"ListItem","position":2,"name":"Informations &#038; Tarifs"}]},{"@type":"WebSite","@id":"https:\/\/architecte-rc.com\/#website","url":"https:\/\/architecte-rc.com\/","name":"R&C Archtecture et Patrimoine","description":"ARCHITECTURE &amp; PATRIMOINE","publisher":{"@id":"https:\/\/architecte-rc.com\/#organization"},"potentialAction":[{"@type":"SearchAction","target":{"@type":"EntryPoint","urlTemplate":"https:\/\/architecte-rc.com\/?s={search_term_string}"},"query-input":{"@type":"PropertyValueSpecification","valueRequired":true,"valueName":"search_term_string"}}],"inLanguage":"fr-FR"},{"@type":"Organization","@id":"https:\/\/architecte-rc.com\/#organization","name":"R&C Architecture et Patrimoine","url":"https:\/\/architecte-rc.com\/","logo":{"@type":"ImageObject","inLanguage":"fr-FR","@id":"https:\/\/architecte-rc.com\/#\/schema\/logo\/image\/","url":"https:\/\/architecte-rc.com\/wp-content\/uploads\/2019\/03\/R-C-LOGO2.png","contentUrl":"https:\/\/architecte-rc.com\/wp-content\/uploads\/2019\/03\/R-C-LOGO2.png","width":238,"height":108,"caption":"R&C Architecture et Patrimoine"},"image":{"@id":"https:\/\/architecte-rc.com\/#\/schema\/logo\/image\/"},"sameAs":["https:\/\/www.facebook.com\/retcarchitectes\/"]}]}},"_links":{"self":[{"href":"https:\/\/architecte-rc.com\/index.php\/wp-json\/wp\/v2\/pages\/705","targetHints":{"allow":["GET"]}}],"collection":[{"href":"https:\/\/architecte-rc.com\/index.php\/wp-json\/wp\/v2\/pages"}],"about":[{"href":"https:\/\/architecte-rc.com\/index.php\/wp-json\/wp\/v2\/types\/page"}],"author":[{"embeddable":true,"href":"https:\/\/architecte-rc.com\/index.php\/wp-json\/wp\/v2\/users\/1"}],"replies":[{"embeddable":true,"href":"https:\/\/architecte-rc.com\/index.php\/wp-json\/wp\/v2\/comments?post=705"}],"version-history":[{"count":45,"href":"https:\/\/architecte-rc.com\/index.php\/wp-json\/wp\/v2\/pages\/705\/revisions"}],"predecessor-version":[{"id":2459,"href":"https:\/\/architecte-rc.com\/index.php\/wp-json\/wp\/v2\/pages\/705\/revisions\/2459"}],"wp:attachment":[{"href":"https:\/\/architecte-rc.com\/index.php\/wp-json\/wp\/v2\/media?parent=705"}],"curies":[{"name":"wp","href":"https:\/\/api.w.org\/{rel}","templated":true}]}}