{"id":2214,"date":"2019-05-27T12:54:55","date_gmt":"2019-05-27T10:54:55","guid":{"rendered":"https:\/\/architecte-rc.com\/?post_type=product&#038;p=2214"},"modified":"2019-06-04T09:26:24","modified_gmt":"2019-06-04T07:26:24","slug":"restructuration-de-la-mairie-bibliotheque-chaufferie-bois-et-amenagements-exterieurs","status":"publish","type":"product","link":"https:\/\/architecte-rc.com\/index.php\/produit\/restructuration-de-la-mairie-bibliotheque-chaufferie-bois-et-amenagements-exterieurs\/","title":{"rendered":"Restructuration de la Mairie, biblioth\u00e8que, chaufferie bois et Am\u00e9nagements ext\u00e9rieurs"},"content":{"rendered":"<p>[et_pb_section fb_built=\u00a0\u00bb1&Prime; inner_shadow=\u00a0\u00bbon\u00a0\u00bb next_background_color=\u00a0\u00bb#ffffff\u00a0\u00bb admin_label=\u00a0\u00bbWelcome &#038; About Us\u00a0\u00bb _builder_version=\u00a0\u00bb3.22.5&Prime; background_color=\u00a0\u00bb#121212&Prime; use_background_color_gradient=\u00a0\u00bbon\u00a0\u00bb background_color_gradient_start=\u00a0\u00bb#121212&Prime; background_color_gradient_end=\u00a0\u00bbrgba(18,18,18,0.6)\u00a0\u00bb background_color_gradient_start_position=\u00a0\u00bb20%\u00a0\u00bb background_color_gradient_overlays_image=\u00a0\u00bbon\u00a0\u00bb parallax=\u00a0\u00bbon\u00a0\u00bb custom_padding=\u00a0\u00bb30px|0px|0%|0px||\u00a0\u00bb bottom_divider_style=\u00a0\u00bbslant2&Prime; bottom_divider_flip=\u00a0\u00bbhorizontal\u00a0\u00bb][et_pb_row use_custom_gutter=\u00a0\u00bbon\u00a0\u00bb gutter_width=\u00a0\u00bb1&Prime; custom_padding=\u00a0\u00bb0px|0px|0px|0px||\u00a0\u00bb custom_margin=\u00a0\u00bb|||\u00a0\u00bb _builder_version=\u00a0\u00bb3.22.3&Prime; background_size=\u00a0\u00bbinitial\u00a0\u00bb background_position=\u00a0\u00bbtop_left\u00a0\u00bb background_repeat=\u00a0\u00bbrepeat\u00a0\u00bb min_height=\u00a0\u00bb52px\u00a0\u00bb custom_width_px=\u00a0\u00bb992px\u00a0\u00bb][et_pb_column type=\u00a0\u00bb4_4&Prime; _builder_version=\u00a0\u00bb3.0.47&Prime;][et_pb_woopro_title _builder_version=\u00a0\u00bb3.23.3&Prime; header_font=\u00a0\u00bbRoboto|100||on|||||\u00a0\u00bb header_text_align=\u00a0\u00bbcenter\u00a0\u00bb header_text_color=\u00a0\u00bb#c2ab92&Prime; custom_margin=\u00a0\u00bb||100px\u00a0\u00bb][\/et_pb_woopro_title][\/et_pb_column][\/et_pb_row][\/et_pb_section][et_pb_section fb_built=\u00a0\u00bb1&Prime; admin_label=\u00a0\u00bbServices\u00a0\u00bb _builder_version=\u00a0\u00bb3.22.3&Prime; custom_padding=\u00a0\u00bb21px|0px|90px|0px||\u00a0\u00bb][et_pb_row custom_padding=\u00a0\u00bb0px||20px\u00a0\u00bb custom_margin=\u00a0\u00bb0px||0px\u00a0\u00bb _builder_version=\u00a0\u00bb3.22.7&Prime; max_width=\u00a0\u00bb1400px\u00a0\u00bb][et_pb_column type=\u00a0\u00bb4_4&Prime; _builder_version=\u00a0\u00bb3.22.7&Prime;][et_pb_button button_url=\u00a0\u00bbhttps:\/\/architecte-rc.com\/index.php\/projets\/\u00a0\u00bb button_text=\u00a0\u00bbRetour aux projets\u00a0\u00bb button_alignment=\u00a0\u00bbleft\u00a0\u00bb _builder_version=\u00a0\u00bb3.22.7&Prime; custom_button=\u00a0\u00bbon\u00a0\u00bb button_text_size=\u00a0\u00bb13px\u00a0\u00bb button_text_color=\u00a0\u00bbrgba(0,0,0,0.66)\u00a0\u00bb button_border_width=\u00a0\u00bb0px\u00a0\u00bb button_font=\u00a0\u00bb||||||||\u00a0\u00bb button_icon=\u00a0\u00bb%%2%%\u00a0\u00bb button_icon_color=\u00a0\u00bb#e09900&Prime; button_icon_placement=\u00a0\u00bbleft\u00a0\u00bb button_on_hover=\u00a0\u00bboff\u00a0\u00bb][\/et_pb_button][\/et_pb_column][\/et_pb_row][et_pb_row custom_padding=\u00a0\u00bb0px|||||\u00a0\u00bb custom_margin=\u00a0\u00bb||50px|\u00a0\u00bb _builder_version=\u00a0\u00bb3.22.3&Prime; max_width=\u00a0\u00bb1440px\u00a0\u00bb use_custom_width=\u00a0\u00bbon\u00a0\u00bb custom_width_px=\u00a0\u00bb1440px\u00a0\u00bb][et_pb_column type=\u00a0\u00bb3_4&Prime; _builder_version=\u00a0\u00bb3.0.47&Prime;][et_pb_gallery gallery_ids=\u00a0\u00bb2215,2216,2217&Prime; fullwidth=\u00a0\u00bbon\u00a0\u00bb _builder_version=\u00a0\u00bb3.22.7&Prime;][\/et_pb_gallery][\/et_pb_column][et_pb_column type=\u00a0\u00bb1_4&Prime; _builder_version=\u00a0\u00bb3.0.47&Prime;][et_pb_woopro_excerpt _builder_version=\u00a0\u00bb3.22.7&Prime; excerpt_text_font=\u00a0\u00bb|300|||||||\u00a0\u00bb excerpt_text_font_size=\u00a0\u00bb17px\u00a0\u00bb excerpt_text_line_height=\u00a0\u00bb1.3em\u00a0\u00bb custom_css_main_element=\u00a0\u00bbh2{|| text-transform: capitalize;||}\u00a0\u00bb][\/et_pb_woopro_excerpt][\/et_pb_column][\/et_pb_row][\/et_pb_section]<\/p>\n","protected":false},"excerpt":{"rendered":"<h3><img loading=\"lazy\" decoding=\"async\" class=\"alignnone wp-image-1205\" src=\"https:\/\/architecte-rc.com\/wp-content\/uploads\/2019\/04\/batiments-publics-c.png\" alt=\"\" width=\"30\" height=\"30\" \/><img loading=\"lazy\" decoding=\"async\" class=\"alignnone wp-image-1208\" src=\"https:\/\/architecte-rc.com\/wp-content\/uploads\/2019\/04\/patrimoine-c.png\" alt=\"\" width=\"30\" height=\"30\" \/><\/h3>\n<h3>ARGENTON L\u2019\u00c9GLISE (79)<\/h3>\n<p>MISSION : Base (diag)+ EXE<br \/>\nMA\u00ceTRE D\u2019OUVRAGE : Commune d\u2019Argenton l\u2019Eglise<br \/>\nSURFACE : SHON de 802 m2<br \/>\nCO\u00dbT : 812 300,00 euros HT<br \/>\nCALENDRIER : Livr\u00e9 en 2018<\/p>\n<p>BUREAUX D\u2019ETUDES :<br \/>\nECONOMISTE : AFORPAQ (CHOLET)<br \/>\nBE FLUIDES : YAC ING\u00c9NIERIE<br \/>\n(BRESSUIRE)<br \/>\nBE STRUCTURE : ALS (ANCENIS)<br \/>\nBE ACOUSTIQUE : GANTHA<br \/>\n(POITIERS)<br \/>\nBE PAYSAGE : ATELIER DES<br \/>\nAM\u00c9NIT\u00c9S (TR\u00c9LAZ\u00c9)<br \/>\n(POITIERS)<\/p>\n<p>&nbsp;<\/p>\n","protected":false},"featured_media":2215,"template":"","meta":{"_et_pb_use_builder":"on","_et_pb_old_content":"","_et_gb_content_width":""},"product_cat":[15],"product_tag":[],"class_list":{"0":"post-2214","1":"product","2":"type-product","3":"status-publish","4":"has-post-thumbnail","6":"product_cat-non-classe","7":"pa_types-batiments-publics","8":"pa_types-patrimoine","10":"first","11":"instock","12":"shipping-taxable","13":"product-type-simple"},"yoast_head":"<!-- This site is optimized with the Yoast SEO plugin v24.0 - https:\/\/yoast.com\/wordpress\/plugins\/seo\/ -->\n<title>Restructuration de la Mairie, biblioth\u00e8que, chaufferie bois et Am\u00e9nagements ext\u00e9rieurs - R&amp;C<\/title>\n<meta name=\"robots\" content=\"index, follow, max-snippet:-1, max-image-preview:large, max-video-preview:-1\" \/>\n<link rel=\"canonical\" href=\"https:\/\/architecte-rc.com\/index.php\/produit\/restructuration-de-la-mairie-bibliotheque-chaufferie-bois-et-amenagements-exterieurs\/\" \/>\n<meta property=\"og:locale\" content=\"fr_FR\" \/>\n<meta property=\"og:type\" content=\"article\" \/>\n<meta property=\"og:title\" content=\"Restructuration de la Mairie, biblioth\u00e8que, chaufferie bois et Am\u00e9nagements ext\u00e9rieurs - R&amp;C\" \/>\n<meta property=\"og:description\" content=\"ARGENTON L\u2019\u00c9GLISE (79) MISSION : Base (diag)+ EXE MA\u00ceTRE D\u2019OUVRAGE : Commune d\u2019Argenton l\u2019Eglise SURFACE : SHON de 802 m2 CO\u00dbT : 812 300,00 euros HT CALENDRIER : Livr\u00e9 en 2018  BUREAUX D\u2019ETUDES : ECONOMISTE : AFORPAQ (CHOLET) BE FLUIDES : YAC ING\u00c9NIERIE (BRESSUIRE) BE STRUCTURE : ALS (ANCENIS) BE ACOUSTIQUE : GANTHA (POITIERS) BE PAYSAGE : ATELIER DES AM\u00c9NIT\u00c9S (TR\u00c9LAZ\u00c9) (POITIERS)  &nbsp;\" \/>\n<meta property=\"og:url\" content=\"https:\/\/architecte-rc.com\/index.php\/produit\/restructuration-de-la-mairie-bibliotheque-chaufferie-bois-et-amenagements-exterieurs\/\" \/>\n<meta property=\"og:site_name\" content=\"R&amp;C\" \/>\n<meta property=\"article:publisher\" content=\"https:\/\/www.facebook.com\/retcarchitectes\/\" \/>\n<meta property=\"article:modified_time\" content=\"2019-06-04T07:26:24+00:00\" \/>\n<meta property=\"og:image\" content=\"https:\/\/architecte-rc.com\/wp-content\/uploads\/2019\/05\/11-1.jpg\" \/>\n\t<meta property=\"og:image:width\" content=\"1500\" \/>\n\t<meta property=\"og:image:height\" content=\"950\" \/>\n\t<meta property=\"og:image:type\" content=\"image\/jpeg\" \/>\n<meta name=\"twitter:card\" content=\"summary_large_image\" \/>\n<meta name=\"twitter:label1\" content=\"Dur\u00e9e de lecture estim\u00e9e\" \/>\n\t<meta name=\"twitter:data1\" content=\"2 minutes\" \/>\n<script type=\"application\/ld+json\" class=\"yoast-schema-graph\">{\"@context\":\"https:\/\/schema.org\",\"@graph\":[{\"@type\":\"WebPage\",\"@id\":\"https:\/\/architecte-rc.com\/index.php\/produit\/restructuration-de-la-mairie-bibliotheque-chaufferie-bois-et-amenagements-exterieurs\/\",\"url\":\"https:\/\/architecte-rc.com\/index.php\/produit\/restructuration-de-la-mairie-bibliotheque-chaufferie-bois-et-amenagements-exterieurs\/\",\"name\":\"Restructuration de la Mairie, biblioth\u00e8que, chaufferie bois et Am\u00e9nagements ext\u00e9rieurs - R&amp;C\",\"isPartOf\":{\"@id\":\"https:\/\/architecte-rc.com\/#website\"},\"primaryImageOfPage\":{\"@id\":\"https:\/\/architecte-rc.com\/index.php\/produit\/restructuration-de-la-mairie-bibliotheque-chaufferie-bois-et-amenagements-exterieurs\/#primaryimage\"},\"image\":{\"@id\":\"https:\/\/architecte-rc.com\/index.php\/produit\/restructuration-de-la-mairie-bibliotheque-chaufferie-bois-et-amenagements-exterieurs\/#primaryimage\"},\"thumbnailUrl\":\"https:\/\/architecte-rc.com\/wp-content\/uploads\/2019\/05\/11-1.jpg\",\"datePublished\":\"2019-05-27T10:54:55+00:00\",\"dateModified\":\"2019-06-04T07:26:24+00:00\",\"breadcrumb\":{\"@id\":\"https:\/\/architecte-rc.com\/index.php\/produit\/restructuration-de-la-mairie-bibliotheque-chaufferie-bois-et-amenagements-exterieurs\/#breadcrumb\"},\"inLanguage\":\"fr-FR\",\"potentialAction\":[{\"@type\":\"ReadAction\",\"target\":[\"https:\/\/architecte-rc.com\/index.php\/produit\/restructuration-de-la-mairie-bibliotheque-chaufferie-bois-et-amenagements-exterieurs\/\"]}]},{\"@type\":\"ImageObject\",\"inLanguage\":\"fr-FR\",\"@id\":\"https:\/\/architecte-rc.com\/index.php\/produit\/restructuration-de-la-mairie-bibliotheque-chaufferie-bois-et-amenagements-exterieurs\/#primaryimage\",\"url\":\"https:\/\/architecte-rc.com\/wp-content\/uploads\/2019\/05\/11-1.jpg\",\"contentUrl\":\"https:\/\/architecte-rc.com\/wp-content\/uploads\/2019\/05\/11-1.jpg\",\"width\":1500,\"height\":950},{\"@type\":\"BreadcrumbList\",\"@id\":\"https:\/\/architecte-rc.com\/index.php\/produit\/restructuration-de-la-mairie-bibliotheque-chaufferie-bois-et-amenagements-exterieurs\/#breadcrumb\",\"itemListElement\":[{\"@type\":\"ListItem\",\"position\":1,\"name\":\"Accueil\",\"item\":\"https:\/\/architecte-rc.com\/\"},{\"@type\":\"ListItem\",\"position\":2,\"name\":\"Boutique\",\"item\":\"https:\/\/architecte-rc.com\/index.php\/boutique-2\/\"},{\"@type\":\"ListItem\",\"position\":3,\"name\":\"Restructuration de la Mairie, biblioth\u00e8que, chaufferie bois et Am\u00e9nagements ext\u00e9rieurs\"}]},{\"@type\":\"WebSite\",\"@id\":\"https:\/\/architecte-rc.com\/#website\",\"url\":\"https:\/\/architecte-rc.com\/\",\"name\":\"R&C Archtecture et Patrimoine\",\"description\":\"ARCHITECTURE &amp; PATRIMOINE\",\"publisher\":{\"@id\":\"https:\/\/architecte-rc.com\/#organization\"},\"potentialAction\":[{\"@type\":\"SearchAction\",\"target\":{\"@type\":\"EntryPoint\",\"urlTemplate\":\"https:\/\/architecte-rc.com\/?s={search_term_string}\"},\"query-input\":{\"@type\":\"PropertyValueSpecification\",\"valueRequired\":true,\"valueName\":\"search_term_string\"}}],\"inLanguage\":\"fr-FR\"},{\"@type\":\"Organization\",\"@id\":\"https:\/\/architecte-rc.com\/#organization\",\"name\":\"R&C Architecture et Patrimoine\",\"url\":\"https:\/\/architecte-rc.com\/\",\"logo\":{\"@type\":\"ImageObject\",\"inLanguage\":\"fr-FR\",\"@id\":\"https:\/\/architecte-rc.com\/#\/schema\/logo\/image\/\",\"url\":\"https:\/\/architecte-rc.com\/wp-content\/uploads\/2019\/03\/R-C-LOGO2.png\",\"contentUrl\":\"https:\/\/architecte-rc.com\/wp-content\/uploads\/2019\/03\/R-C-LOGO2.png\",\"width\":238,\"height\":108,\"caption\":\"R&C Architecture et Patrimoine\"},\"image\":{\"@id\":\"https:\/\/architecte-rc.com\/#\/schema\/logo\/image\/\"},\"sameAs\":[\"https:\/\/www.facebook.com\/retcarchitectes\/\"]}]}<\/script>\n<!-- \/ Yoast SEO plugin. -->","yoast_head_json":{"title":"Restructuration de la Mairie, biblioth\u00e8que, chaufferie bois et Am\u00e9nagements ext\u00e9rieurs - R&amp;C","robots":{"index":"index","follow":"follow","max-snippet":"max-snippet:-1","max-image-preview":"max-image-preview:large","max-video-preview":"max-video-preview:-1"},"canonical":"https:\/\/architecte-rc.com\/index.php\/produit\/restructuration-de-la-mairie-bibliotheque-chaufferie-bois-et-amenagements-exterieurs\/","og_locale":"fr_FR","og_type":"article","og_title":"Restructuration de la Mairie, biblioth\u00e8que, chaufferie bois et Am\u00e9nagements ext\u00e9rieurs - R&amp;C","og_description":"ARGENTON L\u2019\u00c9GLISE (79) MISSION : Base (diag)+ EXE MA\u00ceTRE D\u2019OUVRAGE : Commune d\u2019Argenton l\u2019Eglise SURFACE : SHON de 802 m2 CO\u00dbT : 812 300,00 euros HT CALENDRIER : Livr\u00e9 en 2018  BUREAUX D\u2019ETUDES : ECONOMISTE : AFORPAQ (CHOLET) BE FLUIDES : YAC ING\u00c9NIERIE (BRESSUIRE) BE STRUCTURE : ALS (ANCENIS) BE ACOUSTIQUE : GANTHA (POITIERS) BE PAYSAGE : ATELIER DES AM\u00c9NIT\u00c9S (TR\u00c9LAZ\u00c9) (POITIERS)  &nbsp;","og_url":"https:\/\/architecte-rc.com\/index.php\/produit\/restructuration-de-la-mairie-bibliotheque-chaufferie-bois-et-amenagements-exterieurs\/","og_site_name":"R&amp;C","article_publisher":"https:\/\/www.facebook.com\/retcarchitectes\/","article_modified_time":"2019-06-04T07:26:24+00:00","og_image":[{"width":1500,"height":950,"url":"https:\/\/architecte-rc.com\/wp-content\/uploads\/2019\/05\/11-1.jpg","type":"image\/jpeg"}],"twitter_card":"summary_large_image","twitter_misc":{"Dur\u00e9e de lecture estim\u00e9e":"2 minutes"},"schema":{"@context":"https:\/\/schema.org","@graph":[{"@type":"WebPage","@id":"https:\/\/architecte-rc.com\/index.php\/produit\/restructuration-de-la-mairie-bibliotheque-chaufferie-bois-et-amenagements-exterieurs\/","url":"https:\/\/architecte-rc.com\/index.php\/produit\/restructuration-de-la-mairie-bibliotheque-chaufferie-bois-et-amenagements-exterieurs\/","name":"Restructuration de la Mairie, biblioth\u00e8que, chaufferie bois et Am\u00e9nagements ext\u00e9rieurs - R&amp;C","isPartOf":{"@id":"https:\/\/architecte-rc.com\/#website"},"primaryImageOfPage":{"@id":"https:\/\/architecte-rc.com\/index.php\/produit\/restructuration-de-la-mairie-bibliotheque-chaufferie-bois-et-amenagements-exterieurs\/#primaryimage"},"image":{"@id":"https:\/\/architecte-rc.com\/index.php\/produit\/restructuration-de-la-mairie-bibliotheque-chaufferie-bois-et-amenagements-exterieurs\/#primaryimage"},"thumbnailUrl":"https:\/\/architecte-rc.com\/wp-content\/uploads\/2019\/05\/11-1.jpg","datePublished":"2019-05-27T10:54:55+00:00","dateModified":"2019-06-04T07:26:24+00:00","breadcrumb":{"@id":"https:\/\/architecte-rc.com\/index.php\/produit\/restructuration-de-la-mairie-bibliotheque-chaufferie-bois-et-amenagements-exterieurs\/#breadcrumb"},"inLanguage":"fr-FR","potentialAction":[{"@type":"ReadAction","target":["https:\/\/architecte-rc.com\/index.php\/produit\/restructuration-de-la-mairie-bibliotheque-chaufferie-bois-et-amenagements-exterieurs\/"]}]},{"@type":"ImageObject","inLanguage":"fr-FR","@id":"https:\/\/architecte-rc.com\/index.php\/produit\/restructuration-de-la-mairie-bibliotheque-chaufferie-bois-et-amenagements-exterieurs\/#primaryimage","url":"https:\/\/architecte-rc.com\/wp-content\/uploads\/2019\/05\/11-1.jpg","contentUrl":"https:\/\/architecte-rc.com\/wp-content\/uploads\/2019\/05\/11-1.jpg","width":1500,"height":950},{"@type":"BreadcrumbList","@id":"https:\/\/architecte-rc.com\/index.php\/produit\/restructuration-de-la-mairie-bibliotheque-chaufferie-bois-et-amenagements-exterieurs\/#breadcrumb","itemListElement":[{"@type":"ListItem","position":1,"name":"Accueil","item":"https:\/\/architecte-rc.com\/"},{"@type":"ListItem","position":2,"name":"Boutique","item":"https:\/\/architecte-rc.com\/index.php\/boutique-2\/"},{"@type":"ListItem","position":3,"name":"Restructuration de la Mairie, biblioth\u00e8que, chaufferie bois et Am\u00e9nagements ext\u00e9rieurs"}]},{"@type":"WebSite","@id":"https:\/\/architecte-rc.com\/#website","url":"https:\/\/architecte-rc.com\/","name":"R&C Archtecture et Patrimoine","description":"ARCHITECTURE &amp; PATRIMOINE","publisher":{"@id":"https:\/\/architecte-rc.com\/#organization"},"potentialAction":[{"@type":"SearchAction","target":{"@type":"EntryPoint","urlTemplate":"https:\/\/architecte-rc.com\/?s={search_term_string}"},"query-input":{"@type":"PropertyValueSpecification","valueRequired":true,"valueName":"search_term_string"}}],"inLanguage":"fr-FR"},{"@type":"Organization","@id":"https:\/\/architecte-rc.com\/#organization","name":"R&C Architecture et Patrimoine","url":"https:\/\/architecte-rc.com\/","logo":{"@type":"ImageObject","inLanguage":"fr-FR","@id":"https:\/\/architecte-rc.com\/#\/schema\/logo\/image\/","url":"https:\/\/architecte-rc.com\/wp-content\/uploads\/2019\/03\/R-C-LOGO2.png","contentUrl":"https:\/\/architecte-rc.com\/wp-content\/uploads\/2019\/03\/R-C-LOGO2.png","width":238,"height":108,"caption":"R&C Architecture et Patrimoine"},"image":{"@id":"https:\/\/architecte-rc.com\/#\/schema\/logo\/image\/"},"sameAs":["https:\/\/www.facebook.com\/retcarchitectes\/"]}]}},"_links":{"self":[{"href":"https:\/\/architecte-rc.com\/index.php\/wp-json\/wp\/v2\/product\/2214","targetHints":{"allow":["GET"]}}],"collection":[{"href":"https:\/\/architecte-rc.com\/index.php\/wp-json\/wp\/v2\/product"}],"about":[{"href":"https:\/\/architecte-rc.com\/index.php\/wp-json\/wp\/v2\/types\/product"}],"wp:featuredmedia":[{"embeddable":true,"href":"https:\/\/architecte-rc.com\/index.php\/wp-json\/wp\/v2\/media\/2215"}],"wp:attachment":[{"href":"https:\/\/architecte-rc.com\/index.php\/wp-json\/wp\/v2\/media?parent=2214"}],"wp:term":[{"taxonomy":"product_cat","embeddable":true,"href":"https:\/\/architecte-rc.com\/index.php\/wp-json\/wp\/v2\/product_cat?post=2214"},{"taxonomy":"product_tag","embeddable":true,"href":"https:\/\/architecte-rc.com\/index.php\/wp-json\/wp\/v2\/product_tag?post=2214"}],"curies":[{"name":"wp","href":"https:\/\/api.w.org\/{rel}","templated":true}]}}